{"id":110,"date":"2020-01-31T09:58:26","date_gmt":"2020-01-31T09:58:26","guid":{"rendered":"https:\/\/technosplit.com\/pol\/techno-split-copy\/"},"modified":"2023-01-27T12:01:29","modified_gmt":"2023-01-27T12:01:29","slug":"kontakt","status":"publish","type":"page","link":"https:\/\/technosplit.com\/pol\/kontakt\/","title":{"rendered":"Kontakt"},"content":{"rendered":"<p>[vc_row css=&#8221;.vc_custom_1580311082601{margin-top: 0px !important;margin-bottom: 0px !important;padding-top: 0px !important;padding-bottom: 0px !important;}&#8221;][vc_column css=&#8221;.vc_custom_1580310960537{margin-top: 0px !important;margin-bottom: 0px !important;padding-top: 0px !important;padding-bottom: 0px !important;}&#8221;]\n\t\t\t<!-- START Techo Split REVOLUTION SLIDER 6.1.5 --><p class=\"rs-p-wp-fix\"><\/p>\n\t\t\t<rs-module-wrap id=\"rev_slider_1_1_wrapper\" data-source=\"gallery\" style=\"background:transparent;padding:0;margin:0px auto;margin-top:0;margin-bottom:0;\">\n\t\t\t\t<rs-module id=\"rev_slider_1_1\" style=\"display:none;\" data-version=\"6.1.5\">\n\t\t\t\t\t<rs-slides>\n\t\t\t\t\t\t<rs-slide data-key=\"rs-2\" data-title=\"Slide\" data-anim=\"ei:d;eo:d;s:2000ms;r:0;t:fade;sl:0;\">\n\t\t\t\t\t\t\t<img src=\"\/\/technosplit.com\/pol\/wp-content\/plugins\/revslider\/public\/assets\/assets\/transparent.png\" title=\"Kontakt\" class=\"rev-slidebg\" data-no-retina>\n<!--\n\t\t\t\t\t\t\t--><rs-layer\n\t\t\t\t\t\t\t\tid=\"slider-1-slide-2-layer-6\" \n\t\t\t\t\t\t\t\tdata-type=\"image\"\n\t\t\t\t\t\t\t\tdata-rsp_ch=\"on\"\n\t\t\t\t\t\t\t\tdata-text=\"w:normal;\"\n\t\t\t\t\t\t\t\tdata-dim=\"w:1920px;h:600px;\"\n\t\t\t\t\t\t\t\tdata-frame_999=\"o:0;st:w;\"\n\t\t\t\t\t\t\t\tstyle=\"z-index:8;\"\n\t\t\t\t\t\t\t><img src=\"\/\/technosplit.com\/pol\/wp-content\/uploads\/2020\/02\/slider-10.jpg\" alt=\"Techno Split - My\u015bl techniczna, technologia i osi\u0105gi linii technologicznej do \u0142upania element\u00f3w betonowych\" width=\"1920\" height=\"600\" data-no-retina> \n\t\t\t\t\t\t\t<\/rs-layer><!--\n-->\t\t\t\t\t\t<\/rs-slide>\n\t\t\t\t\t\t<rs-slide data-key=\"rs-1\" data-title=\"Slide\" data-anim=\"ei:d;eo:d;s:1000;r:0;t:fade;sl:0;\">\n\t\t\t\t\t\t\t<img src=\"\/\/technosplit.com\/pol\/wp-content\/plugins\/revslider\/public\/assets\/assets\/transparent.png\" title=\"Kontakt\" class=\"rev-slidebg\" data-no-retina>\n<!--\n\t\t\t\t\t\t\t--><rs-layer\n\t\t\t\t\t\t\t\tid=\"slider-1-slide-1-layer-6\" \n\t\t\t\t\t\t\t\tdata-type=\"image\"\n\t\t\t\t\t\t\t\tdata-rsp_ch=\"on\"\n\t\t\t\t\t\t\t\tdata-text=\"w:normal;\"\n\t\t\t\t\t\t\t\tdata-dim=\"w:1920px;h:600px;\"\n\t\t\t\t\t\t\t\tdata-frame_999=\"o:0;st:w;\"\n\t\t\t\t\t\t\t\tstyle=\"z-index:8;\"\n\t\t\t\t\t\t\t><img src=\"\/\/technosplit.com\/pol\/wp-content\/uploads\/2020\/01\/slider-7.jpg\" alt=\"Techno Split - My\u015bl techniczna, technologia i osi\u0105gi linii technologicznej do \u0142upania element\u00f3w betonowych\" width=\"1920\" height=\"600\" data-no-retina> \n\t\t\t\t\t\t\t<\/rs-layer><!--\n-->\t\t\t\t\t\t<\/rs-slide>\n\t\t\t\t\t<\/rs-slides>\n\t\t\t\t\t<rs-progress class=\"rs-bottom\" style=\"visibility: hidden !important;\"><\/rs-progress>\n\t\t\t\t<\/rs-module>\n\t\t\t\t<script type=\"text\/javascript\">\n\t\t\t\t\tsetREVStartSize({c: 'rev_slider_1_1',rl:[1240,1024,778,480],el:[600],gw:[1920],gh:[600],layout:'fullwidth',mh:\"0\"});\n\t\t\t\t\tvar\trevapi1,\n\t\t\t\t\t\ttpj;\n\t\t\t\t\tjQuery(function() {\n\t\t\t\t\t\ttpj = jQuery;\n\t\t\t\t\t\tif(tpj(\"#rev_slider_1_1\").revolution == undefined){\n\t\t\t\t\t\t\trevslider_showDoubleJqueryError(\"#rev_slider_1_1\");\n\t\t\t\t\t\t}else{\n\t\t\t\t\t\t\trevapi1 = tpj(\"#rev_slider_1_1\").show().revolution({\n\t\t\t\t\t\t\t\tjsFileLocation:\"\/\/technosplit.com\/pol\/wp-content\/plugins\/revslider\/public\/assets\/js\/\",\n\t\t\t\t\t\t\t\tsliderLayout:\"fullwidth\",\n\t\t\t\t\t\t\t\tduration:\"3500ms\",\n\t\t\t\t\t\t\t\tvisibilityLevels:\"1240,1024,778,480\",\n\t\t\t\t\t\t\t\tgridwidth:1920,\n\t\t\t\t\t\t\t\tgridheight:600,\n\t\t\t\t\t\t\t\tminHeight:\"\",\n\t\t\t\t\t\t\t\tspinner:\"spinner0\",\n\t\t\t\t\t\t\t\teditorheight:\"600,768,960,720\",\n\t\t\t\t\t\t\t\tresponsiveLevels:\"1240,1024,778,480\",\n\t\t\t\t\t\t\t\tdisableProgressBar:\"on\",\n\t\t\t\t\t\t\t\tnavigation: {\n\t\t\t\t\t\t\t\t\tonHoverStop:false\n\t\t\t\t\t\t\t\t},\n\t\t\t\t\t\t\t\tfallbacks: {\n\t\t\t\t\t\t\t\t\tallowHTML5AutoPlayOnAndroid:true\n\t\t\t\t\t\t\t\t},\n\t\t\t\t\t\t\t});\n\t\t\t\t\t\t}\n\t\t\t\t\t\t\n\t\t\t\t\t});\n\t\t\t\t<\/script>\n\t\t\t<\/rs-module-wrap>\n\t\t\t<!-- END REVOLUTION SLIDER -->\n[\/vc_column][\/vc_row][vc_row full_width=&#8221;stretch_row_content&#8221; bg_type=&#8221;bg_color&#8221; css=&#8221;.vc_custom_1580383143443{margin-top: 0px !important;margin-bottom: 0px !important;border-top-width: 0px !important;border-bottom-width: 0px !important;padding-top: 0px !important;padding-bottom: 0px !important;}&#8221; bg_color_value=&#8221;#fff200&#8243;][vc_column][vc_column_text]<\/p>\n<p style=\"text-align: center;\"><span style=\"font-size: 18pt;\">My\u015bl techniczna, technologia i osi\u0105gi linii technologicznej do \u0142upania element\u00f3w betonowych<\/span><\/p>\n<p>[\/vc_column_text][\/vc_column][\/vc_row][vc_row css=&#8221;.vc_custom_1580392918238{margin-top: 0px !important;margin-bottom: 0px !important;border-top-width: 0px !important;border-bottom-width: 0px !important;padding-top: 0px !important;padding-bottom: 0px !important;}&#8221;][vc_column][vc_empty_space height=&#8221;20px&#8221;][vc_column_text]<\/p>\n<p style=\"text-align: center;\"><span style=\"font-size: 36pt;\">Kontakt<\/span><\/p>\n<p>[\/vc_column_text][\/vc_column][\/vc_row][vc_row equal_height=&#8221;yes&#8221; bg_type=&#8221;bg_color&#8221; css=&#8221;.vc_custom_1580394573605{margin-top: 0px !important;margin-bottom: 0px !important;padding-top: 0px !important;padding-bottom: 0px !important;}&#8221;][vc_column width=&#8221;1\/3&#8243; css=&#8221;.vc_custom_1580466448881{margin-top: 0px !important;margin-bottom: 0px !important;padding-top: 0px !important;padding-bottom: 0px !important;}&#8221;][vc_icon icon_fontawesome=&#8221;fa fa-address-book-o&#8221; color=&#8221;custom&#8221; size=&#8221;lg&#8221; align=&#8221;center&#8221; custom_color=&#8221;#fee33b&#8221;][vc_column_text]<\/p>\n<p style=\"text-align: center;\">CONPROFTECH Ryszard Augustynek<br \/>\nB\u0119czarka 288, 32-444 G\u0142ogocz\u00f3w<\/p>\n<p>[\/vc_column_text][\/vc_column][vc_column width=&#8221;1\/3&#8243; css=&#8221;.vc_custom_1580466456173{margin-top: 0px !important;margin-bottom: 0px !important;padding-top: 0px !important;padding-bottom: 0px !important;}&#8221;][vc_icon icon_fontawesome=&#8221;fa fa-comments-o&#8221; color=&#8221;custom&#8221; size=&#8221;lg&#8221; align=&#8221;center&#8221; custom_color=&#8221;#fee33b&#8221;][vc_column_text]<\/p>\n<p style=\"text-align: center;\">Tel. \u00a0+48 668 10 10 19<\/p>\n<p>[\/vc_column_text][\/vc_column][vc_column width=&#8221;1\/3&#8243; css=&#8221;.vc_custom_1580466466125{margin-top: 0px !important;margin-bottom: 0px !important;padding-top: 0px !important;padding-bottom: 0px !important;}&#8221;][vc_icon icon_fontawesome=&#8221;fa fa-envelope-open&#8221; color=&#8221;custom&#8221; size=&#8221;lg&#8221; align=&#8221;center&#8221; custom_color=&#8221;#fee33b&#8221;][vc_column_text]<\/p>\n<p style=\"text-align: center;\"><a href=\"mailto:riccardora@wp.pl\">riccardora@wp.pl<\/a><\/p>\n<p>[\/vc_column_text][\/vc_column][\/vc_row][vc_row equal_height=&#8221;yes&#8221; disable_element=&#8221;yes&#8221; bg_type=&#8221;bg_color&#8221; css=&#8221;.vc_custom_1580466673992{margin-top: 0px !important;margin-bottom: 0px !important;padding-top: 0px !important;padding-bottom: 0px !important;}&#8221;][vc_column css=&#8221;.vc_custom_1580395861542{margin-top: 0px !important;margin-bottom: 0px !important;padding-top: 0px !important;padding-bottom: 0px !important;}&#8221;][vc_separator color=&#8221;custom&#8221; border_width=&#8221;4&#8243; accent_color=&#8221;#f9f9f9&#8243;][\/vc_column][\/vc_row][vc_row full_width=&#8221;stretch_row_content_no_spaces&#8221; css=&#8221;.vc_custom_1580466697423{margin-bottom: 0px !important;padding-top: 0px !important;padding-bottom: 0px !important;}&#8221;][vc_column][vc_gmaps link=&#8221;#E-8_JTNDaWZyYW1lJTIwc3JjJTNEJTIyaHR0cHMlM0ElMkYlMkZ3d3cuZ29vZ2xlLmNvbSUyRm1hcHMlMkZlbWJlZCUzRnBiJTNEJTIxMW0xNiUyMTFtMTIlMjExbTMlMjExZDIyMTU3Ljg5ODI2NDAwNDUlMjEyZDExLjU0NDY0NTU4NzM2ODgyMSUyMTNkNDYuMDM2MzkwMzc5MTExOSUyMTJtMyUyMTFmMCUyMTJmMCUyMTNmMCUyMTNtMiUyMTFpMTAyNCUyMTJpNzY4JTIxNGYxMy4xJTIxMm0xJTIxMXNWaWElMjUyMEJhcnJpY2F0YSUyNTJDJTI1MjAxMiUyNTJGQiUyNTIwMzgwNTAlMjUyME9TUEVEQUxFVFRPJTI1MjAlMjhUTiUyOSUyMTVlMCUyMTNtMiUyMTFzaXQlMjEyc2l0JTIxNHYxNTgwNDY2NjQxNDExJTIxNW0yJTIxMXNpdCUyMTJzaXQlMjIlMjB3aWR0aCUzRCUyMjYwMCUyMiUyMGhlaWdodCUzRCUyMjQ1MCUyMiUyMGZyYW1lYm9yZGVyJTNEJTIyMCUyMiUyMHN0eWxlJTNEJTIyYm9yZGVyJTNBMCUzQiUyMiUyMGFsbG93ZnVsbHNjcmVlbiUzRCUyMiUyMiUzRSUzQyUyRmlmcmFtZSUzRQ==&#8221; css=&#8221;.vc_custom_1580466656331{margin-top: 0px !important;margin-bottom: 0px !important;padding-top: 0px !important;padding-bottom: 0px !important;}&#8221;][\/vc_column][\/vc_row][vc_row equal_height=&#8221;yes&#8221; bg_type=&#8221;bg_color&#8221; css=&#8221;.vc_custom_1580394573605{margin-top: 0px !important;margin-bottom: 0px !important;padding-top: 0px !important;padding-bottom: 0px !important;}&#8221;][vc_column width=&#8221;1\/3&#8243; css=&#8221;.vc_custom_1580466448881{margin-top: 0px !important;margin-bottom: 0px !important;padding-top: 0px !important;padding-bottom: 0px !important;}&#8221;][vc_icon icon_fontawesome=&#8221;fa fa-map&#8221; color=&#8221;custom&#8221; size=&#8221;lg&#8221; align=&#8221;center&#8221; custom_color=&#8221;#fee33b&#8221;][vc_column_text]<\/p>\n<p style=\"text-align: center;\">Via della Zona Artigianale, 1\/B<br \/>\n38050 Ospedaletto (TN) &#8211; ITALY<\/p>\n<p>[\/vc_column_text][\/vc_column][vc_column width=&#8221;1\/3&#8243; css=&#8221;.vc_custom_1580466456173{margin-top: 0px !important;margin-bottom: 0px !important;padding-top: 0px !important;padding-bottom: 0px !important;}&#8221;][vc_icon icon_fontawesome=&#8221;fa fa-comments-o&#8221; color=&#8221;custom&#8221; size=&#8221;lg&#8221; align=&#8221;center&#8221; custom_color=&#8221;#fee33b&#8221;][vc_column_text]<\/p>\n<p style=\"text-align: center;\">Tel. +39 0461 770027<br \/>\nFax +39 0461 770026<\/p>\n<p>[\/vc_column_text][\/vc_column][vc_column width=&#8221;1\/3&#8243; css=&#8221;.vc_custom_1580466466125{margin-top: 0px !important;margin-bottom: 0px !important;padding-top: 0px !important;padding-bottom: 0px !important;}&#8221;][vc_icon icon_fontawesome=&#8221;fa fa-envelope-open&#8221; color=&#8221;custom&#8221; size=&#8221;lg&#8221; align=&#8221;center&#8221; custom_color=&#8221;#fee33b&#8221;][vc_column_text]<\/p>\n<p style=\"text-align: center;\"><a href=\"mailto:info@technosplit.com\">info@technosplit.com<\/a><\/p>\n<p>[\/vc_column_text][\/vc_column][\/vc_row][vc_row full_width=&#8221;stretch_row_content&#8221; equal_height=&#8221;yes&#8221; bg_type=&#8221;image&#8221; parallax_style=&#8221;vcpb-default&#8221; bg_image_new=&#8221;id^383|url^https:\/\/technosplit.com\/pol\/wp-content\/uploads\/sites\/4\/2020\/02\/cemento1.jpg|caption^cemento|alt^cemento|title^cemento|description^cemento&#8221; bg_img_attach=&#8221;fixed&#8221; parallax_content=&#8221;parallax_content_value&#8221; enable_overlay=&#8221;enable_overlay_value&#8221; overlay_pattern=&#8221;09.png&#8221; css=&#8221;.vc_custom_1581603783775{margin-top: 0px !important;margin-bottom: 0px !important;padding-top: 0px !important;padding-bottom: 0px !important;}&#8221;][vc_column][vc_empty_space height=&#8221;100px&#8221;][\/vc_column][\/vc_row][vc_row gap=&#8221;35&#8243; remove_padding=&#8221;no-padding-vc-row&#8221;][vc_column][vc_column_text css=&#8221;.vc_custom_1583148888818{margin-top: 0px !important;margin-bottom: 0px !important;padding-top: 0px !important;padding-right: 5% !important;padding-bottom: 0px !important;padding-left: 5% !important;}&#8221;]<\/p>\n<p style=\"text-align: center;\"><span style=\"font-size: 14pt;\">Obserwuj nas w sieciach spo\u0142eczno\u015bciowych<\/span><\/p>\n<p>[\/vc_column_text]<div class=\"social-full full-width-icon style2 center\"><div class=\"social-icons\"><a href=\"https:\/\/www.youtube.com\/user\/technosplitsrl\" target=\"_blank\" class=\"youtube\"><i class=\"pixicon-youtube\"><\/i><\/a><\/div><\/div>[\/vc_column][\/vc_row][vc_row full_width=&#8221;stretch_row_content_no_spaces&#8221; equal_height=&#8221;yes&#8221; css=&#8221;.vc_custom_1580296688709{margin-top: 0px !important;margin-bottom: 0px !important;border-top-width: 0px !important;border-bottom-width: 0px !important;padding-top: 0px !important;padding-bottom: 0px !important;}&#8221;][vc_column css=&#8221;.vc_custom_1580296095732{margin-top: 0px !important;margin-right: 0px !important;margin-bottom: 0px !important;margin-left: 0px !important;padding-top: 0px !important;padding-right: 0px !important;padding-bottom: 0px !important;padding-left: 0px !important;background-position: center !important;background-repeat: no-repeat !important;background-size: cover !important;}&#8221;][vc_empty_space height=&#8221;22px&#8221;][\/vc_column][\/vc_row]<\/p>\n","protected":false},"excerpt":{"rendered":"<p>[vc_row css=&#8221;.vc_custom_1580311082601{margin-top: 0px !important;margin-bottom: 0px !important;padding-top: 0px !important;padding-bottom: 0px !important;}&#8221;][vc_column css=&#8221;.vc_custom_1580310960537{margin-top: 0px !important;margin-bottom: 0px !important;padding-top: 0px !important;padding-bottom: 0px !important;}&#8221;][\/vc_column][\/vc_row][vc_row full_width=&#8221;stretch_row_content&#8221; bg_type=&#8221;bg_color&#8221; css=&#8221;.vc_custom_1580383143443{margin-top: 0px !important;margin-bottom: 0px !important;border-top-width: 0px !important;border-bottom-width: 0px !important;padding-top: 0px !important;padding-bottom: 0px !important;}&#8221; bg_color_value=&#8221;#fff200&#8243;][vc_column][vc_column_text] My\u015bl techniczna, technologia i osi\u0105gi&#8230;<\/p>\n","protected":false},"author":1,"featured_media":0,"parent":0,"menu_order":0,"comment_status":"closed","ping_status":"open","template":"","meta":{"footnotes":""},"yoast_head":"<!-- This site is optimized with the Yoast SEO plugin v22.6 - https:\/\/yoast.com\/wordpress\/plugins\/seo\/ -->\n<title>Techno Split | Made in Italy | Kontakt<\/title>\n<meta name=\"description\" content=\"Techno Split projektuje i konstruuje kolejn\u0105 lini\u0119 technologiczn\u0105 do \u0142upania wyrob\u00f3w dostosowuj\u0105c j\u0105 do Pa\u0144stwa indywidualnych potrzeb produkcyjnych.\" \/>\n<meta name=\"robots\" content=\"index, follow, max-snippet:-1, max-image-preview:large, max-video-preview:-1\" \/>\n<link rel=\"canonical\" href=\"https:\/\/technosplit.com\/pol\/kontakt\/\" \/>\n<meta property=\"og:locale\" content=\"it_IT\" \/>\n<meta property=\"og:type\" content=\"article\" \/>\n<meta property=\"og:title\" content=\"Techno Split | Made in Italy | Kontakt\" \/>\n<meta property=\"og:description\" content=\"Techno Split projektuje i konstruuje kolejn\u0105 lini\u0119 technologiczn\u0105 do \u0142upania wyrob\u00f3w dostosowuj\u0105c j\u0105 do Pa\u0144stwa indywidualnych potrzeb produkcyjnych.\" \/>\n<meta property=\"og:url\" content=\"https:\/\/technosplit.com\/pol\/kontakt\/\" \/>\n<meta property=\"og:site_name\" content=\"Linie technologiczne do \u0142upania | Techno Split\" \/>\n<meta property=\"article:modified_time\" content=\"2023-01-27T12:01:29+00:00\" \/>\n<meta name=\"twitter:card\" content=\"summary_large_image\" \/>\n<meta name=\"twitter:label1\" content=\"Tempo di lettura stimato\" \/>\n\t<meta name=\"twitter:data1\" content=\"2 minuti\" \/>\n<script type=\"application\/ld+json\" class=\"yoast-schema-graph\">{\"@context\":\"https:\/\/schema.org\",\"@graph\":[{\"@type\":\"WebPage\",\"@id\":\"https:\/\/technosplit.com\/pol\/kontakt\/\",\"url\":\"https:\/\/technosplit.com\/pol\/kontakt\/\",\"name\":\"Techno Split | Made in Italy | Kontakt\",\"isPartOf\":{\"@id\":\"https:\/\/technosplit.com\/pol\/#website\"},\"datePublished\":\"2020-01-31T09:58:26+00:00\",\"dateModified\":\"2023-01-27T12:01:29+00:00\",\"description\":\"Techno Split projektuje i konstruuje kolejn\u0105 lini\u0119 technologiczn\u0105 do \u0142upania wyrob\u00f3w dostosowuj\u0105c j\u0105 do Pa\u0144stwa indywidualnych potrzeb produkcyjnych.\",\"breadcrumb\":{\"@id\":\"https:\/\/technosplit.com\/pol\/kontakt\/#breadcrumb\"},\"inLanguage\":\"it-IT\",\"potentialAction\":[{\"@type\":\"ReadAction\",\"target\":[\"https:\/\/technosplit.com\/pol\/kontakt\/\"]}]},{\"@type\":\"BreadcrumbList\",\"@id\":\"https:\/\/technosplit.com\/pol\/kontakt\/#breadcrumb\",\"itemListElement\":[{\"@type\":\"ListItem\",\"position\":1,\"name\":\"Home\",\"item\":\"https:\/\/technosplit.com\/pol\/\"},{\"@type\":\"ListItem\",\"position\":2,\"name\":\"Kontakt\"}]},{\"@type\":\"WebSite\",\"@id\":\"https:\/\/technosplit.com\/pol\/#website\",\"url\":\"https:\/\/technosplit.com\/pol\/\",\"name\":\"Linie technologiczne do \u0142upania | Techno Split\",\"description\":\"Techno Split projektuje i konstruuje kolejn\u0105 lini\u0119 technologiczn\u0105 do \u0142upania wyrob\u00f3w dostosowuj\u0105c j\u0105 do Pa\u0144stwa indywidualnych potrzeb produkcyjnych.\",\"potentialAction\":[{\"@type\":\"SearchAction\",\"target\":{\"@type\":\"EntryPoint\",\"urlTemplate\":\"https:\/\/technosplit.com\/pol\/?s={search_term_string}\"},\"query-input\":\"required name=search_term_string\"}],\"inLanguage\":\"it-IT\"}]}<\/script>\n<!-- \/ Yoast SEO plugin. -->","yoast_head_json":{"title":"Techno Split | Made in Italy | Kontakt","description":"Techno Split projektuje i konstruuje kolejn\u0105 lini\u0119 technologiczn\u0105 do \u0142upania wyrob\u00f3w dostosowuj\u0105c j\u0105 do Pa\u0144stwa indywidualnych potrzeb produkcyjnych.","robots":{"index":"index","follow":"follow","max-snippet":"max-snippet:-1","max-image-preview":"max-image-preview:large","max-video-preview":"max-video-preview:-1"},"canonical":"https:\/\/technosplit.com\/pol\/kontakt\/","og_locale":"it_IT","og_type":"article","og_title":"Techno Split | Made in Italy | Kontakt","og_description":"Techno Split projektuje i konstruuje kolejn\u0105 lini\u0119 technologiczn\u0105 do \u0142upania wyrob\u00f3w dostosowuj\u0105c j\u0105 do Pa\u0144stwa indywidualnych potrzeb produkcyjnych.","og_url":"https:\/\/technosplit.com\/pol\/kontakt\/","og_site_name":"Linie technologiczne do \u0142upania | Techno Split","article_modified_time":"2023-01-27T12:01:29+00:00","twitter_card":"summary_large_image","twitter_misc":{"Tempo di lettura stimato":"2 minuti"},"schema":{"@context":"https:\/\/schema.org","@graph":[{"@type":"WebPage","@id":"https:\/\/technosplit.com\/pol\/kontakt\/","url":"https:\/\/technosplit.com\/pol\/kontakt\/","name":"Techno Split | Made in Italy | Kontakt","isPartOf":{"@id":"https:\/\/technosplit.com\/pol\/#website"},"datePublished":"2020-01-31T09:58:26+00:00","dateModified":"2023-01-27T12:01:29+00:00","description":"Techno Split projektuje i konstruuje kolejn\u0105 lini\u0119 technologiczn\u0105 do \u0142upania wyrob\u00f3w dostosowuj\u0105c j\u0105 do Pa\u0144stwa indywidualnych potrzeb produkcyjnych.","breadcrumb":{"@id":"https:\/\/technosplit.com\/pol\/kontakt\/#breadcrumb"},"inLanguage":"it-IT","potentialAction":[{"@type":"ReadAction","target":["https:\/\/technosplit.com\/pol\/kontakt\/"]}]},{"@type":"BreadcrumbList","@id":"https:\/\/technosplit.com\/pol\/kontakt\/#breadcrumb","itemListElement":[{"@type":"ListItem","position":1,"name":"Home","item":"https:\/\/technosplit.com\/pol\/"},{"@type":"ListItem","position":2,"name":"Kontakt"}]},{"@type":"WebSite","@id":"https:\/\/technosplit.com\/pol\/#website","url":"https:\/\/technosplit.com\/pol\/","name":"Linie technologiczne do \u0142upania | Techno Split","description":"Techno Split projektuje i konstruuje kolejn\u0105 lini\u0119 technologiczn\u0105 do \u0142upania wyrob\u00f3w dostosowuj\u0105c j\u0105 do Pa\u0144stwa indywidualnych potrzeb produkcyjnych.","potentialAction":[{"@type":"SearchAction","target":{"@type":"EntryPoint","urlTemplate":"https:\/\/technosplit.com\/pol\/?s={search_term_string}"},"query-input":"required name=search_term_string"}],"inLanguage":"it-IT"}]}},"_links":{"self":[{"href":"https:\/\/technosplit.com\/pol\/wp-json\/wp\/v2\/pages\/110"}],"collection":[{"href":"https:\/\/technosplit.com\/pol\/wp-json\/wp\/v2\/pages"}],"about":[{"href":"https:\/\/technosplit.com\/pol\/wp-json\/wp\/v2\/types\/page"}],"author":[{"embeddable":true,"href":"https:\/\/technosplit.com\/pol\/wp-json\/wp\/v2\/users\/1"}],"replies":[{"embeddable":true,"href":"https:\/\/technosplit.com\/pol\/wp-json\/wp\/v2\/comments?post=110"}],"version-history":[{"count":16,"href":"https:\/\/technosplit.com\/pol\/wp-json\/wp\/v2\/pages\/110\/revisions"}],"predecessor-version":[{"id":935,"href":"https:\/\/technosplit.com\/pol\/wp-json\/wp\/v2\/pages\/110\/revisions\/935"}],"wp:attachment":[{"href":"https:\/\/technosplit.com\/pol\/wp-json\/wp\/v2\/media?parent=110"}],"curies":[{"name":"wp","href":"https:\/\/api.w.org\/{rel}","templated":true}]}}