{"id":412,"date":"2020-02-10T15:27:07","date_gmt":"2020-02-10T15:27:07","guid":{"rendered":"https:\/\/technosplit.com\/pol\/linee-di-splittaggio-copy\/"},"modified":"2023-01-27T12:00:03","modified_gmt":"2023-01-27T12:00:03","slug":"chwytak","status":"publish","type":"page","link":"https:\/\/technosplit.com\/pol\/chwytak\/","title":{"rendered":"Chwytak"},"content":{"rendered":"<p>[vc_row css=&#8221;.vc_custom_1580311082601{margin-top: 0px !important;margin-bottom: 0px !important;padding-top: 0px !important;padding-bottom: 0px !important;}&#8221;][vc_column css=&#8221;.vc_custom_1580310960537{margin-top: 0px !important;margin-bottom: 0px !important;padding-top: 0px !important;padding-bottom: 0px !important;}&#8221;]\n\t\t\t<!-- START Techo Split REVOLUTION SLIDER 6.1.5 --><p class=\"rs-p-wp-fix\"><\/p>\n\t\t\t<rs-module-wrap id=\"rev_slider_1_1_wrapper\" data-source=\"gallery\" style=\"background:transparent;padding:0;margin:0px auto;margin-top:0;margin-bottom:0;\">\n\t\t\t\t<rs-module id=\"rev_slider_1_1\" style=\"display:none;\" data-version=\"6.1.5\">\n\t\t\t\t\t<rs-slides>\n\t\t\t\t\t\t<rs-slide data-key=\"rs-2\" data-title=\"Slide\" data-anim=\"ei:d;eo:d;s:2000ms;r:0;t:fade;sl:0;\">\n\t\t\t\t\t\t\t<img src=\"\/\/technosplit.com\/pol\/wp-content\/plugins\/revslider\/public\/assets\/assets\/transparent.png\" title=\"Chwytak\" class=\"rev-slidebg\" data-no-retina>\n<!--\n\t\t\t\t\t\t\t--><rs-layer\n\t\t\t\t\t\t\t\tid=\"slider-1-slide-2-layer-6\" \n\t\t\t\t\t\t\t\tdata-type=\"image\"\n\t\t\t\t\t\t\t\tdata-rsp_ch=\"on\"\n\t\t\t\t\t\t\t\tdata-text=\"w:normal;\"\n\t\t\t\t\t\t\t\tdata-dim=\"w:1920px;h:600px;\"\n\t\t\t\t\t\t\t\tdata-frame_999=\"o:0;st:w;\"\n\t\t\t\t\t\t\t\tstyle=\"z-index:8;\"\n\t\t\t\t\t\t\t><img src=\"\/\/technosplit.com\/pol\/wp-content\/uploads\/2020\/02\/slider-10.jpg\" alt=\"Techno Split - My\u015bl techniczna, technologia i osi\u0105gi linii technologicznej do \u0142upania element\u00f3w betonowych\" width=\"1920\" height=\"600\" data-no-retina> \n\t\t\t\t\t\t\t<\/rs-layer><!--\n-->\t\t\t\t\t\t<\/rs-slide>\n\t\t\t\t\t\t<rs-slide data-key=\"rs-1\" data-title=\"Slide\" data-anim=\"ei:d;eo:d;s:1000;r:0;t:fade;sl:0;\">\n\t\t\t\t\t\t\t<img src=\"\/\/technosplit.com\/pol\/wp-content\/plugins\/revslider\/public\/assets\/assets\/transparent.png\" title=\"Chwytak\" class=\"rev-slidebg\" data-no-retina>\n<!--\n\t\t\t\t\t\t\t--><rs-layer\n\t\t\t\t\t\t\t\tid=\"slider-1-slide-1-layer-6\" \n\t\t\t\t\t\t\t\tdata-type=\"image\"\n\t\t\t\t\t\t\t\tdata-rsp_ch=\"on\"\n\t\t\t\t\t\t\t\tdata-text=\"w:normal;\"\n\t\t\t\t\t\t\t\tdata-dim=\"w:1920px;h:600px;\"\n\t\t\t\t\t\t\t\tdata-frame_999=\"o:0;st:w;\"\n\t\t\t\t\t\t\t\tstyle=\"z-index:8;\"\n\t\t\t\t\t\t\t><img src=\"\/\/technosplit.com\/pol\/wp-content\/uploads\/2020\/01\/slider-7.jpg\" alt=\"Techno Split - My\u015bl techniczna, technologia i osi\u0105gi linii technologicznej do \u0142upania element\u00f3w betonowych\" width=\"1920\" height=\"600\" data-no-retina> \n\t\t\t\t\t\t\t<\/rs-layer><!--\n-->\t\t\t\t\t\t<\/rs-slide>\n\t\t\t\t\t<\/rs-slides>\n\t\t\t\t\t<rs-progress class=\"rs-bottom\" style=\"visibility: hidden !important;\"><\/rs-progress>\n\t\t\t\t<\/rs-module>\n\t\t\t\t<script type=\"text\/javascript\">\n\t\t\t\t\tsetREVStartSize({c: 'rev_slider_1_1',rl:[1240,1024,778,480],el:[600],gw:[1920],gh:[600],layout:'fullwidth',mh:\"0\"});\n\t\t\t\t\tvar\trevapi1,\n\t\t\t\t\t\ttpj;\n\t\t\t\t\tjQuery(function() {\n\t\t\t\t\t\ttpj = jQuery;\n\t\t\t\t\t\tif(tpj(\"#rev_slider_1_1\").revolution == undefined){\n\t\t\t\t\t\t\trevslider_showDoubleJqueryError(\"#rev_slider_1_1\");\n\t\t\t\t\t\t}else{\n\t\t\t\t\t\t\trevapi1 = tpj(\"#rev_slider_1_1\").show().revolution({\n\t\t\t\t\t\t\t\tjsFileLocation:\"\/\/technosplit.com\/pol\/wp-content\/plugins\/revslider\/public\/assets\/js\/\",\n\t\t\t\t\t\t\t\tsliderLayout:\"fullwidth\",\n\t\t\t\t\t\t\t\tduration:\"3500ms\",\n\t\t\t\t\t\t\t\tvisibilityLevels:\"1240,1024,778,480\",\n\t\t\t\t\t\t\t\tgridwidth:1920,\n\t\t\t\t\t\t\t\tgridheight:600,\n\t\t\t\t\t\t\t\tminHeight:\"\",\n\t\t\t\t\t\t\t\tspinner:\"spinner0\",\n\t\t\t\t\t\t\t\teditorheight:\"600,768,960,720\",\n\t\t\t\t\t\t\t\tresponsiveLevels:\"1240,1024,778,480\",\n\t\t\t\t\t\t\t\tdisableProgressBar:\"on\",\n\t\t\t\t\t\t\t\tnavigation: {\n\t\t\t\t\t\t\t\t\tonHoverStop:false\n\t\t\t\t\t\t\t\t},\n\t\t\t\t\t\t\t\tfallbacks: {\n\t\t\t\t\t\t\t\t\tallowHTML5AutoPlayOnAndroid:true\n\t\t\t\t\t\t\t\t},\n\t\t\t\t\t\t\t});\n\t\t\t\t\t\t}\n\t\t\t\t\t\t\n\t\t\t\t\t});\n\t\t\t\t<\/script>\n\t\t\t<\/rs-module-wrap>\n\t\t\t<!-- END REVOLUTION SLIDER -->\n[\/vc_column][\/vc_row][vc_row full_width=&#8221;stretch_row_content&#8221; bg_type=&#8221;bg_color&#8221; css=&#8221;.vc_custom_1580383143443{margin-top: 0px !important;margin-bottom: 0px !important;border-top-width: 0px !important;border-bottom-width: 0px !important;padding-top: 0px !important;padding-bottom: 0px !important;}&#8221; bg_color_value=&#8221;#fff200&#8243;][vc_column][vc_column_text]<\/p>\n<p style=\"text-align: center;\"><span style=\"font-size: 18pt;\">My\u015bl techniczna, technologia i osi\u0105gi linii technologicznej do \u0142upania element\u00f3w betonowych<\/span><\/p>\n<p>[\/vc_column_text][\/vc_column][\/vc_row][vc_row css=&#8221;.vc_custom_1580392918238{margin-top: 0px !important;margin-bottom: 0px !important;border-top-width: 0px !important;border-bottom-width: 0px !important;padding-top: 0px !important;padding-bottom: 0px !important;}&#8221;][vc_column][vc_empty_space height=&#8221;20px&#8221;][vc_single_image image=&#8221;103&#8243; img_size=&#8221;100x100px&#8221; alignment=&#8221;center&#8221; css=&#8221;.vc_custom_1581348461163{margin-top: 0px !important;margin-bottom: 0px !important;padding-top: 0px !important;padding-bottom: 0px !important;}&#8221;][vc_empty_space height=&#8221;10px&#8221;][vc_column_text]<\/p>\n<p style=\"text-align: center;\"><span style=\"font-size: 24pt;\"><strong>Chwytak<\/strong><\/span><\/p>\n<p>[\/vc_column_text][vc_empty_space height=&#8221;25px&#8221;][\/vc_column][\/vc_row][vc_row equal_height=&#8221;yes&#8221; bg_type=&#8221;bg_color&#8221; css=&#8221;.vc_custom_1580394573605{margin-top: 0px !important;margin-bottom: 0px !important;padding-top: 0px !important;padding-bottom: 0px !important;}&#8221;][vc_column width=&#8221;1\/3&#8243; css=&#8221;.vc_custom_1598948826871{margin-top: 0px !important;margin-bottom: 0px !important;padding-top: 0px !important;padding-bottom: 0px !important;}&#8221;][vc_single_image image=&#8221;776&#8243; img_size=&#8221;150&#215;150&#8243; alignment=&#8221;center&#8221; onclick=&#8221;custom_link&#8221; link=&#8221;https:\/\/technosplit.com\/pol\/kolumnowy-chwytak-pionowy\/&#8221;][vc_column_text]<\/p>\n<p style=\"text-align: center;\"><a href=\"https:\/\/technosplit.com\/pol\/kolumnowy-chwytak-pionowy\/\"><span style=\"font-size: 18pt;\">Kolumnowy chwytak pionowy<\/span><\/a><\/p>\n<p>[\/vc_column_text][\/vc_column][vc_column width=&#8221;1\/3&#8243; css=&#8221;.vc_custom_1580466456173{margin-top: 0px !important;margin-bottom: 0px !important;padding-top: 0px !important;padding-bottom: 0px !important;}&#8221;][vc_single_image image=&#8221;389&#8243; img_size=&#8221;300&#215;150&#8243; alignment=&#8221;center&#8221; onclick=&#8221;custom_link&#8221; link=&#8221;https:\/\/technosplit.com\/pol\/chwytak-dwuszczekowy\/&#8221;][vc_column_text]<\/p>\n<p style=\"text-align: center;\"><a href=\"https:\/\/technosplit.com\/pol\/chwytak-dwuszczekowy\/\"><span style=\"font-size: 18pt;\">Chwytak dwuszcz\u0119kowy<\/span><\/a><\/p>\n<p>[\/vc_column_text][\/vc_column][vc_column width=&#8221;1\/3&#8243; css=&#8221;.vc_custom_1580466448881{margin-top: 0px !important;margin-bottom: 0px !important;padding-top: 0px !important;padding-bottom: 0px !important;}&#8221;][vc_single_image image=&#8221;681&#8243; img_size=&#8221;300&#215;150&#8243; alignment=&#8221;center&#8221; onclick=&#8221;custom_link&#8221; link=&#8221;https:\/\/technosplit.com\/pol\/chwytak-czteroszczekowy\/&#8221;][vc_column_text]<\/p>\n<p style=\"text-align: center;\"><a href=\"https:\/\/technosplit.com\/pol\/chwytak-czteroszczekowy\/\"><span style=\"font-size: 18pt;\">Chwytak czteroszcz\u0119kowy<\/span><\/a><\/p>\n<p>[\/vc_column_text][\/vc_column][\/vc_row][vc_row full_width=&#8221;stretch_row_content_no_spaces&#8221; equal_height=&#8221;yes&#8221; css=&#8221;.vc_custom_1580298477575{margin-top: 0px !important;margin-bottom: 0px !important;border-top-width: 0px !important;border-bottom-width: 0px !important;padding-top: 0px !important;padding-right: 10% !important;padding-bottom: 0px !important;padding-left: 10% !important;}&#8221;][vc_column][vc_empty_space][\/vc_column][\/vc_row][vc_row gap=&#8221;35&#8243; remove_padding=&#8221;no-padding-vc-row&#8221;][vc_column][vc_column_text css=&#8221;.vc_custom_1583227016189{margin-top: 0px !important;margin-bottom: 0px !important;padding-top: 0px !important;padding-right: 5% !important;padding-bottom: 0px !important;padding-left: 5% !important;}&#8221;]<\/p>\n<p style=\"text-align: center;\"><span style=\"font-size: 14pt;\">Obserwuj nas w sieciach spo\u0142eczno\u015bciowych<\/span><\/p>\n<p>[\/vc_column_text]<div class=\"social-full full-width-icon style2 center\"><div class=\"social-icons\"><a href=\"https:\/\/www.youtube.com\/user\/technosplitsrl\" target=\"_blank\" class=\"youtube\"><i class=\"pixicon-youtube\"><\/i><\/a><\/div><\/div>[\/vc_column][\/vc_row][vc_row full_width=&#8221;stretch_row_content_no_spaces&#8221; equal_height=&#8221;yes&#8221; css=&#8221;.vc_custom_1580296688709{margin-top: 0px !important;margin-bottom: 0px !important;border-top-width: 0px !important;border-bottom-width: 0px !important;padding-top: 0px !important;padding-bottom: 0px !important;}&#8221;][vc_column css=&#8221;.vc_custom_1580296095732{margin-top: 0px !important;margin-right: 0px !important;margin-bottom: 0px !important;margin-left: 0px !important;padding-top: 0px !important;padding-right: 0px !important;padding-bottom: 0px !important;padding-left: 0px !important;background-position: center !important;background-repeat: no-repeat !important;background-size: cover !important;}&#8221;][vc_empty_space height=&#8221;22px&#8221;][\/vc_column][\/vc_row]<\/p>\n","protected":false},"excerpt":{"rendered":"<p>[vc_row css=&#8221;.vc_custom_1580311082601{margin-top: 0px !important;margin-bottom: 0px !important;padding-top: 0px !important;padding-bottom: 0px !important;}&#8221;][vc_column css=&#8221;.vc_custom_1580310960537{margin-top: 0px !important;margin-bottom: 0px !important;padding-top: 0px !important;padding-bottom: 0px !important;}&#8221;][\/vc_column][\/vc_row][vc_row full_width=&#8221;stretch_row_content&#8221; bg_type=&#8221;bg_color&#8221; css=&#8221;.vc_custom_1580383143443{margin-top: 0px !important;margin-bottom: 0px !important;border-top-width: 0px !important;border-bottom-width: 0px !important;padding-top: 0px !important;padding-bottom: 0px !important;}&#8221; bg_color_value=&#8221;#fff200&#8243;][vc_column][vc_column_text] My\u015bl techniczna, technologia i osi\u0105gi&#8230;<\/p>\n","protected":false},"author":1,"featured_media":0,"parent":0,"menu_order":0,"comment_status":"closed","ping_status":"open","template":"","meta":{"footnotes":""},"yoast_head":"<!-- This site is optimized with the Yoast SEO plugin v22.6 - https:\/\/yoast.com\/wordpress\/plugins\/seo\/ -->\n<title>Chwytak | Techno Split | Made in Italy<\/title>\n<meta name=\"description\" content=\"Gama chwytak\u00f3w opracowanych specjalnie dla wykonywania za\u0142adunku i roz\u0142adunku wyrob\u00f3w betonowych w liniach technologicznych s\u0142u\u017c\u0105cych do \u0142upania.\" \/>\n<meta name=\"robots\" content=\"index, follow, max-snippet:-1, max-image-preview:large, max-video-preview:-1\" \/>\n<link rel=\"canonical\" href=\"https:\/\/technosplit.com\/pol\/chwytak\/\" \/>\n<meta property=\"og:locale\" content=\"it_IT\" \/>\n<meta property=\"og:type\" content=\"article\" \/>\n<meta property=\"og:title\" content=\"Chwytak | Techno Split | Made in Italy\" \/>\n<meta property=\"og:description\" content=\"Gama chwytak\u00f3w opracowanych specjalnie dla wykonywania za\u0142adunku i roz\u0142adunku wyrob\u00f3w betonowych w liniach technologicznych s\u0142u\u017c\u0105cych do \u0142upania.\" \/>\n<meta property=\"og:url\" content=\"https:\/\/technosplit.com\/pol\/chwytak\/\" \/>\n<meta property=\"og:site_name\" content=\"Linie technologiczne do \u0142upania | Techno Split\" \/>\n<meta property=\"article:modified_time\" content=\"2023-01-27T12:00:03+00:00\" \/>\n<meta name=\"twitter:card\" content=\"summary_large_image\" \/>\n<meta name=\"twitter:label1\" content=\"Tempo di lettura stimato\" \/>\n\t<meta name=\"twitter:data1\" content=\"2 minuti\" \/>\n<script type=\"application\/ld+json\" class=\"yoast-schema-graph\">{\"@context\":\"https:\/\/schema.org\",\"@graph\":[{\"@type\":\"WebPage\",\"@id\":\"https:\/\/technosplit.com\/pol\/chwytak\/\",\"url\":\"https:\/\/technosplit.com\/pol\/chwytak\/\",\"name\":\"Chwytak | Techno Split | Made in Italy\",\"isPartOf\":{\"@id\":\"https:\/\/technosplit.com\/pol\/#website\"},\"datePublished\":\"2020-02-10T15:27:07+00:00\",\"dateModified\":\"2023-01-27T12:00:03+00:00\",\"description\":\"Gama chwytak\u00f3w opracowanych specjalnie dla wykonywania za\u0142adunku i roz\u0142adunku wyrob\u00f3w betonowych w liniach technologicznych s\u0142u\u017c\u0105cych do \u0142upania.\",\"breadcrumb\":{\"@id\":\"https:\/\/technosplit.com\/pol\/chwytak\/#breadcrumb\"},\"inLanguage\":\"it-IT\",\"potentialAction\":[{\"@type\":\"ReadAction\",\"target\":[\"https:\/\/technosplit.com\/pol\/chwytak\/\"]}]},{\"@type\":\"BreadcrumbList\",\"@id\":\"https:\/\/technosplit.com\/pol\/chwytak\/#breadcrumb\",\"itemListElement\":[{\"@type\":\"ListItem\",\"position\":1,\"name\":\"Home\",\"item\":\"https:\/\/technosplit.com\/pol\/\"},{\"@type\":\"ListItem\",\"position\":2,\"name\":\"Chwytak\"}]},{\"@type\":\"WebSite\",\"@id\":\"https:\/\/technosplit.com\/pol\/#website\",\"url\":\"https:\/\/technosplit.com\/pol\/\",\"name\":\"Linie technologiczne do \u0142upania | Techno Split\",\"description\":\"Techno Split projektuje i konstruuje kolejn\u0105 lini\u0119 technologiczn\u0105 do \u0142upania wyrob\u00f3w dostosowuj\u0105c j\u0105 do Pa\u0144stwa indywidualnych potrzeb produkcyjnych.\",\"potentialAction\":[{\"@type\":\"SearchAction\",\"target\":{\"@type\":\"EntryPoint\",\"urlTemplate\":\"https:\/\/technosplit.com\/pol\/?s={search_term_string}\"},\"query-input\":\"required name=search_term_string\"}],\"inLanguage\":\"it-IT\"}]}<\/script>\n<!-- \/ Yoast SEO plugin. -->","yoast_head_json":{"title":"Chwytak | Techno Split | Made in Italy","description":"Gama chwytak\u00f3w opracowanych specjalnie dla wykonywania za\u0142adunku i roz\u0142adunku wyrob\u00f3w betonowych w liniach technologicznych s\u0142u\u017c\u0105cych do \u0142upania.","robots":{"index":"index","follow":"follow","max-snippet":"max-snippet:-1","max-image-preview":"max-image-preview:large","max-video-preview":"max-video-preview:-1"},"canonical":"https:\/\/technosplit.com\/pol\/chwytak\/","og_locale":"it_IT","og_type":"article","og_title":"Chwytak | Techno Split | Made in Italy","og_description":"Gama chwytak\u00f3w opracowanych specjalnie dla wykonywania za\u0142adunku i roz\u0142adunku wyrob\u00f3w betonowych w liniach technologicznych s\u0142u\u017c\u0105cych do \u0142upania.","og_url":"https:\/\/technosplit.com\/pol\/chwytak\/","og_site_name":"Linie technologiczne do \u0142upania | Techno Split","article_modified_time":"2023-01-27T12:00:03+00:00","twitter_card":"summary_large_image","twitter_misc":{"Tempo di lettura stimato":"2 minuti"},"schema":{"@context":"https:\/\/schema.org","@graph":[{"@type":"WebPage","@id":"https:\/\/technosplit.com\/pol\/chwytak\/","url":"https:\/\/technosplit.com\/pol\/chwytak\/","name":"Chwytak | Techno Split | Made in Italy","isPartOf":{"@id":"https:\/\/technosplit.com\/pol\/#website"},"datePublished":"2020-02-10T15:27:07+00:00","dateModified":"2023-01-27T12:00:03+00:00","description":"Gama chwytak\u00f3w opracowanych specjalnie dla wykonywania za\u0142adunku i roz\u0142adunku wyrob\u00f3w betonowych w liniach technologicznych s\u0142u\u017c\u0105cych do \u0142upania.","breadcrumb":{"@id":"https:\/\/technosplit.com\/pol\/chwytak\/#breadcrumb"},"inLanguage":"it-IT","potentialAction":[{"@type":"ReadAction","target":["https:\/\/technosplit.com\/pol\/chwytak\/"]}]},{"@type":"BreadcrumbList","@id":"https:\/\/technosplit.com\/pol\/chwytak\/#breadcrumb","itemListElement":[{"@type":"ListItem","position":1,"name":"Home","item":"https:\/\/technosplit.com\/pol\/"},{"@type":"ListItem","position":2,"name":"Chwytak"}]},{"@type":"WebSite","@id":"https:\/\/technosplit.com\/pol\/#website","url":"https:\/\/technosplit.com\/pol\/","name":"Linie technologiczne do \u0142upania | Techno Split","description":"Techno Split projektuje i konstruuje kolejn\u0105 lini\u0119 technologiczn\u0105 do \u0142upania wyrob\u00f3w dostosowuj\u0105c j\u0105 do Pa\u0144stwa indywidualnych potrzeb produkcyjnych.","potentialAction":[{"@type":"SearchAction","target":{"@type":"EntryPoint","urlTemplate":"https:\/\/technosplit.com\/pol\/?s={search_term_string}"},"query-input":"required name=search_term_string"}],"inLanguage":"it-IT"}]}},"_links":{"self":[{"href":"https:\/\/technosplit.com\/pol\/wp-json\/wp\/v2\/pages\/412"}],"collection":[{"href":"https:\/\/technosplit.com\/pol\/wp-json\/wp\/v2\/pages"}],"about":[{"href":"https:\/\/technosplit.com\/pol\/wp-json\/wp\/v2\/types\/page"}],"author":[{"embeddable":true,"href":"https:\/\/technosplit.com\/pol\/wp-json\/wp\/v2\/users\/1"}],"replies":[{"embeddable":true,"href":"https:\/\/technosplit.com\/pol\/wp-json\/wp\/v2\/comments?post=412"}],"version-history":[{"count":19,"href":"https:\/\/technosplit.com\/pol\/wp-json\/wp\/v2\/pages\/412\/revisions"}],"predecessor-version":[{"id":932,"href":"https:\/\/technosplit.com\/pol\/wp-json\/wp\/v2\/pages\/412\/revisions\/932"}],"wp:attachment":[{"href":"https:\/\/technosplit.com\/pol\/wp-json\/wp\/v2\/media?parent=412"}],"curies":[{"name":"wp","href":"https:\/\/api.w.org\/{rel}","templated":true}]}}